{"id":104,"date":"2020-03-24T12:13:05","date_gmt":"2020-03-24T12:13:05","guid":{"rendered":"http:\/\/rogle.blogs.upv.es\/?page_id=104"},"modified":"2024-03-26T10:38:10","modified_gmt":"2024-03-26T10:38:10","slug":"a-que-nos-dedicamos","status":"publish","type":"page","link":"https:\/\/rogle.blogs.upv.es\/?page_id=104","title":{"rendered":"Research Lines"},"content":{"rendered":"<div class=\"flex-1 overflow-hidden\">\n<div class=\"react-scroll-to-bottom--css-gsqmb-79elbk h-full\">\n<div class=\"react-scroll-to-bottom--css-gsqmb-1n7m0yu\">\n<div class=\"flex flex-col text-sm pb-9\">\n<div class=\"w-full text-token-text-primary\" data-testid=\"conversation-turn-7\">\n<div class=\"px-4 py-2 justify-center text-base md:gap-6 m-auto\">\n<div class=\"flex flex-1 text-base mx-auto gap-3 md:px-5 lg:px-1 xl:px-5 md:max-w-3xl lg:max-w-[40rem] xl:max-w-[48rem] group final-completion\">\n<div class=\"relative flex w-full flex-col agent-turn\">\n<div class=\"flex-col gap-1 md:gap-3\">\n<div class=\"flex flex-grow flex-col max-w-full\">\n<div class=\"min-h-[20px] text-message flex flex-col items-start gap-3 whitespace-pre-wrap break-words [.text-message+&amp;]:mt-5 overflow-x-auto\" data-message-author-role=\"assistant\" data-message-id=\"57c9ca6a-71e3-48c7-8586-2ebc22e3c0f9\">\n<div class=\"markdown prose w-full break-words dark:prose-invert light\">\n<ul>\n<li>Application\/Adaptation of Organization Engineering techniques in work environments involving individuals with disabilities.<\/li>\n<li>University teaching of business management.<\/li>\n<li>Balancing assembly lines considering realistic factors.<\/li>\n<li>Evaluation and improvement of productive and logistical systems (Lean Production, Reengineering).<\/li>\n<li>Human resources management in new production environments.<\/li>\n<li>Efficiency and sustainability indicators in industrial companies.<\/li>\n<li>Production scheduling and sequencing.<\/li>\n<li>Social and environmental industrial sustainability.<\/li>\n<\/ul>\n<p>&nbsp; &nbsp; &nbsp; &nbsp; &nbsp; &nbsp; &nbsp; &nbsp; &nbsp; &nbsp; &nbsp; &nbsp; &nbsp; &nbsp; &nbsp; &nbsp; &nbsp; &nbsp; &nbsp; &nbsp; &nbsp; &nbsp; &nbsp; &nbsp; &nbsp; &nbsp; &nbsp;&#8212;&#8212;&#8212;&#8212;&#8212;&#8212;&#8212;&#8212;&#8212;&#8212;&#8212;&#8212;&#8211;<\/p>\n<\/div>\n<\/div>\n<\/div>\n<\/div>\n<\/div>\n<div class=\"mt-1 flex justify-start gap-3 empty:hidden\">\n<ul>\n<li>Aplicaci\u00f3n\/Adaptaci\u00f3n de t\u00e9cnicas de Ingenier\u00eda de Organizaci\u00f3n a entornos laborales con personas con discapacidades<\/li>\n<li>Docencia universitaria de gesti\u00f3n de empresas<\/li>\n<li>Equilibrado de l\u00edneas de montaje considerando factores realistas<\/li>\n<li>Evaluaci\u00f3n y mejora de sistemas productivos y log\u00edsticos (Producci\u00f3n Ajustada, Reingenieria)<\/li>\n<li>Gesti\u00f3n de recursos humanos en los nuevos entornos de producci\u00f3n<\/li>\n<li>Indicadores de eficiencia y sostenibilidad en empresas industriales<\/li>\n<li>Programaci\u00f3n y secuenciaci\u00f3n de la producci\u00f3n<\/li>\n<li>Sostenibilidad Industrial social y ambiental<\/li>\n<\/ul>\n<p>&nbsp;<\/p>\n<\/div>\n<div class=\"relative flex w-full flex-col agent-turn\">\n<div class=\"flex-col gap-1 md:gap-3\">\n<div class=\"pr-2 lg:pr-0\">&nbsp;<\/div>\n<\/div>\n<\/div>\n<\/div>\n<\/div>\n<\/div>\n<\/div>\n<\/div>\n<\/div>\n<\/div>\n<p>&nbsp;<\/p>\n<p>&nbsp;<\/p>\n","protected":false},"excerpt":{"rendered":"<p>Application\/Adaptation of Organization Engineering techniques in work environments involving individuals with disabilities. University teaching of business management. Balancing assembly lines considering realistic factors. Evaluation and improvement of productive and logistical systems (Lean Production, Reengineering). Human resources management in new production environments. Efficiency and sustainability indicators in industrial companies. Production scheduling and sequencing. Social and environmental [&hellip;]<\/p>\n","protected":false},"author":470,"featured_media":0,"parent":0,"menu_order":2,"comment_status":"closed","ping_status":"closed","template":"","meta":{"ngg_post_thumbnail":0,"footnotes":""},"class_list":["post-104","page","type-page","status-publish","hentry"],"yoast_head":"<!-- This site is optimized with the Yoast SEO plugin v27.5 - https:\/\/yoast.com\/product\/yoast-seo-wordpress\/ -->\n<title>Research Lines - ROGLE research group<\/title>\n<meta name=\"robots\" content=\"index, follow, max-snippet:-1, max-image-preview:large, max-video-preview:-1\" \/>\n<link rel=\"canonical\" href=\"https:\/\/rogle.webs.upv.es\/?page_id=104\" \/>\n<meta property=\"og:locale\" content=\"es_ES\" \/>\n<meta property=\"og:type\" content=\"article\" \/>\n<meta property=\"og:title\" content=\"Research Lines - ROGLE research group\" \/>\n<meta property=\"og:description\" content=\"Application\/Adaptation of Organization Engineering techniques in work environments involving individuals with disabilities. University teaching of business management. Balancing assembly lines considering realistic factors. Evaluation and improvement of productive and logistical systems (Lean Production, Reengineering). Human resources management in new production environments. Efficiency and sustainability indicators in industrial companies. Production scheduling and sequencing. Social and environmental [&hellip;]\" \/>\n<meta property=\"og:url\" content=\"https:\/\/rogle.webs.upv.es\/?page_id=104\" \/>\n<meta property=\"og:site_name\" content=\"ROGLE research group\" \/>\n<meta property=\"article:modified_time\" content=\"2024-03-26T10:38:10+00:00\" \/>\n<meta name=\"twitter:card\" content=\"summary_large_image\" \/>\n<meta name=\"twitter:label1\" content=\"Tiempo de lectura\" \/>\n\t<meta name=\"twitter:data1\" content=\"1 minuto\" \/>\n<script type=\"application\/ld+json\" class=\"yoast-schema-graph\">{\"@context\":\"https:\\\/\\\/schema.org\",\"@graph\":[{\"@type\":\"WebPage\",\"@id\":\"https:\\\/\\\/rogle.webs.upv.es\\\/?page_id=104\",\"url\":\"https:\\\/\\\/rogle.webs.upv.es\\\/?page_id=104\",\"name\":\"Research Lines - ROGLE research group\",\"isPartOf\":{\"@id\":\"https:\\\/\\\/rogle.webs.upv.es\\\/#website\"},\"datePublished\":\"2020-03-24T12:13:05+00:00\",\"dateModified\":\"2024-03-26T10:38:10+00:00\",\"breadcrumb\":{\"@id\":\"https:\\\/\\\/rogle.webs.upv.es\\\/?page_id=104#breadcrumb\"},\"inLanguage\":\"es\",\"potentialAction\":[{\"@type\":\"ReadAction\",\"target\":[\"https:\\\/\\\/rogle.webs.upv.es\\\/?page_id=104\"]}]},{\"@type\":\"BreadcrumbList\",\"@id\":\"https:\\\/\\\/rogle.webs.upv.es\\\/?page_id=104#breadcrumb\",\"itemListElement\":[{\"@type\":\"ListItem\",\"position\":1,\"name\":\"Portada\",\"item\":\"https:\\\/\\\/rogle.webs.upv.es\\\/\"},{\"@type\":\"ListItem\",\"position\":2,\"name\":\"Research Lines\"}]},{\"@type\":\"WebSite\",\"@id\":\"https:\\\/\\\/rogle.webs.upv.es\\\/#website\",\"url\":\"https:\\\/\\\/rogle.webs.upv.es\\\/\",\"name\":\"ROGLE research group\",\"description\":\"ROGLE research group\",\"potentialAction\":[{\"@type\":\"SearchAction\",\"target\":{\"@type\":\"EntryPoint\",\"urlTemplate\":\"https:\\\/\\\/rogle.webs.upv.es\\\/?s={search_term_string}\"},\"query-input\":{\"@type\":\"PropertyValueSpecification\",\"valueRequired\":true,\"valueName\":\"search_term_string\"}}],\"inLanguage\":\"es\"}]}<\/script>\n<!-- \/ Yoast SEO plugin. -->","yoast_head_json":{"title":"Research Lines - ROGLE research group","robots":{"index":"index","follow":"follow","max-snippet":"max-snippet:-1","max-image-preview":"max-image-preview:large","max-video-preview":"max-video-preview:-1"},"canonical":"https:\/\/rogle.webs.upv.es\/?page_id=104","og_locale":"es_ES","og_type":"article","og_title":"Research Lines - ROGLE research group","og_description":"Application\/Adaptation of Organization Engineering techniques in work environments involving individuals with disabilities. University teaching of business management. Balancing assembly lines considering realistic factors. Evaluation and improvement of productive and logistical systems (Lean Production, Reengineering). Human resources management in new production environments. Efficiency and sustainability indicators in industrial companies. Production scheduling and sequencing. Social and environmental [&hellip;]","og_url":"https:\/\/rogle.webs.upv.es\/?page_id=104","og_site_name":"ROGLE research group","article_modified_time":"2024-03-26T10:38:10+00:00","twitter_card":"summary_large_image","twitter_misc":{"Tiempo de lectura":"1 minuto"},"schema":{"@context":"https:\/\/schema.org","@graph":[{"@type":"WebPage","@id":"https:\/\/rogle.webs.upv.es\/?page_id=104","url":"https:\/\/rogle.webs.upv.es\/?page_id=104","name":"Research Lines - ROGLE research group","isPartOf":{"@id":"https:\/\/rogle.webs.upv.es\/#website"},"datePublished":"2020-03-24T12:13:05+00:00","dateModified":"2024-03-26T10:38:10+00:00","breadcrumb":{"@id":"https:\/\/rogle.webs.upv.es\/?page_id=104#breadcrumb"},"inLanguage":"es","potentialAction":[{"@type":"ReadAction","target":["https:\/\/rogle.webs.upv.es\/?page_id=104"]}]},{"@type":"BreadcrumbList","@id":"https:\/\/rogle.webs.upv.es\/?page_id=104#breadcrumb","itemListElement":[{"@type":"ListItem","position":1,"name":"Portada","item":"https:\/\/rogle.webs.upv.es\/"},{"@type":"ListItem","position":2,"name":"Research Lines"}]},{"@type":"WebSite","@id":"https:\/\/rogle.webs.upv.es\/#website","url":"https:\/\/rogle.webs.upv.es\/","name":"ROGLE research group","description":"ROGLE research group","potentialAction":[{"@type":"SearchAction","target":{"@type":"EntryPoint","urlTemplate":"https:\/\/rogle.webs.upv.es\/?s={search_term_string}"},"query-input":{"@type":"PropertyValueSpecification","valueRequired":true,"valueName":"search_term_string"}}],"inLanguage":"es"}]}},"_links":{"self":[{"href":"https:\/\/rogle.blogs.upv.es\/index.php?rest_route=\/wp\/v2\/pages\/104","targetHints":{"allow":["GET"]}}],"collection":[{"href":"https:\/\/rogle.blogs.upv.es\/index.php?rest_route=\/wp\/v2\/pages"}],"about":[{"href":"https:\/\/rogle.blogs.upv.es\/index.php?rest_route=\/wp\/v2\/types\/page"}],"author":[{"embeddable":true,"href":"https:\/\/rogle.blogs.upv.es\/index.php?rest_route=\/wp\/v2\/users\/470"}],"replies":[{"embeddable":true,"href":"https:\/\/rogle.blogs.upv.es\/index.php?rest_route=%2Fwp%2Fv2%2Fcomments&post=104"}],"version-history":[{"count":2,"href":"https:\/\/rogle.blogs.upv.es\/index.php?rest_route=\/wp\/v2\/pages\/104\/revisions"}],"predecessor-version":[{"id":264,"href":"https:\/\/rogle.blogs.upv.es\/index.php?rest_route=\/wp\/v2\/pages\/104\/revisions\/264"}],"wp:attachment":[{"href":"https:\/\/rogle.blogs.upv.es\/index.php?rest_route=%2Fwp%2Fv2%2Fmedia&parent=104"}],"curies":[{"name":"wp","href":"https:\/\/api.w.org\/{rel}","templated":true}]}}